{"id":6237,"date":"2021-02-11T11:46:29","date_gmt":"2021-02-11T16:46:29","guid":{"rendered":"https:\/\/pegafan.enmarkadigital.com\/?post_type=product&#038;p=6237"},"modified":"2025-02-19T05:55:52","modified_gmt":"2025-02-19T10:55:52","slug":"cintas-senalizacion","status":"publish","type":"product","link":"https:\/\/pegafan.com\/en\/producto\/cintas-senalizacion\/","title":{"rendered":"Cintas de Se\u00f1alizaci\u00f3n"},"content":{"rendered":"","protected":false},"excerpt":{"rendered":"<p>Cinta adhesiva para se\u00f1alizar zonas\u200b<\/p>\n","protected":false},"featured_media":6238,"comment_status":"open","ping_status":"closed","template":"","meta":[],"product_brand":[],"product_cat":[51],"product_tag":[129],"class_list":{"0":"post-6237","1":"product","2":"type-product","3":"status-publish","4":"has-post-thumbnail","6":"product_cat-cintas-especiales","7":"product_tag-cintas_senalizacion","9":"first","10":"instock","11":"downloadable","12":"virtual","13":"product-type-simple"},"_links":{"self":[{"href":"https:\/\/pegafan.com\/en\/wp-json\/wp\/v2\/product\/6237","targetHints":{"allow":["GET"]}}],"collection":[{"href":"https:\/\/pegafan.com\/en\/wp-json\/wp\/v2\/product"}],"about":[{"href":"https:\/\/pegafan.com\/en\/wp-json\/wp\/v2\/types\/product"}],"replies":[{"embeddable":true,"href":"https:\/\/pegafan.com\/en\/wp-json\/wp\/v2\/comments?post=6237"}],"wp:featuredmedia":[{"embeddable":true,"href":"https:\/\/pegafan.com\/en\/wp-json\/wp\/v2\/media\/6238"}],"wp:attachment":[{"href":"https:\/\/pegafan.com\/en\/wp-json\/wp\/v2\/media?parent=6237"}],"wp:term":[{"taxonomy":"product_brand","embeddable":true,"href":"https:\/\/pegafan.com\/en\/wp-json\/wp\/v2\/product_brand?post=6237"},{"taxonomy":"product_cat","embeddable":true,"href":"https:\/\/pegafan.com\/en\/wp-json\/wp\/v2\/product_cat?post=6237"},{"taxonomy":"product_tag","embeddable":true,"href":"https:\/\/pegafan.com\/en\/wp-json\/wp\/v2\/product_tag?post=6237"}],"curies":[{"name":"wp","href":"https:\/\/api.w.org\/{rel}","templated":true}]}}