{"id":4816,"date":"2021-01-19T07:50:02","date_gmt":"2021-01-19T12:50:02","guid":{"rendered":"https:\/\/pegafan.enmarkadigital.com\/?post_type=product&#038;p=4816"},"modified":"2025-02-18T19:06:58","modified_gmt":"2025-02-19T00:06:58","slug":"silicona-liquida","status":"publish","type":"product","link":"https:\/\/pegafan.com\/en\/producto\/silicona-liquida\/","title":{"rendered":"Silicona L\u00edquida"},"content":{"rendered":"","protected":false},"excerpt":{"rendered":"<p>Silicona l\u00edquida de secado r\u00e1pido\u200b<\/p>\n","protected":false},"featured_media":4825,"comment_status":"open","ping_status":"closed","template":"","meta":[],"product_brand":[],"product_cat":[46],"product_tag":[120],"class_list":{"0":"post-4816","1":"product","2":"type-product","3":"status-publish","4":"has-post-thumbnail","6":"product_cat-pegamentos-y-pintura-en-spray","7":"product_tag-para_manualidades","9":"first","10":"instock","11":"downloadable","12":"virtual","13":"product-type-simple"},"_links":{"self":[{"href":"https:\/\/pegafan.com\/en\/wp-json\/wp\/v2\/product\/4816","targetHints":{"allow":["GET"]}}],"collection":[{"href":"https:\/\/pegafan.com\/en\/wp-json\/wp\/v2\/product"}],"about":[{"href":"https:\/\/pegafan.com\/en\/wp-json\/wp\/v2\/types\/product"}],"replies":[{"embeddable":true,"href":"https:\/\/pegafan.com\/en\/wp-json\/wp\/v2\/comments?post=4816"}],"wp:featuredmedia":[{"embeddable":true,"href":"https:\/\/pegafan.com\/en\/wp-json\/wp\/v2\/media\/4825"}],"wp:attachment":[{"href":"https:\/\/pegafan.com\/en\/wp-json\/wp\/v2\/media?parent=4816"}],"wp:term":[{"taxonomy":"product_brand","embeddable":true,"href":"https:\/\/pegafan.com\/en\/wp-json\/wp\/v2\/product_brand?post=4816"},{"taxonomy":"product_cat","embeddable":true,"href":"https:\/\/pegafan.com\/en\/wp-json\/wp\/v2\/product_cat?post=4816"},{"taxonomy":"product_tag","embeddable":true,"href":"https:\/\/pegafan.com\/en\/wp-json\/wp\/v2\/product_tag?post=4816"}],"curies":[{"name":"wp","href":"https:\/\/api.w.org\/{rel}","templated":true}]}}